{"id":74,"date":"2020-06-02T10:04:16","date_gmt":"2020-06-02T08:04:16","guid":{"rendered":"http:\/\/localhost\/burex\/?page_id=74"},"modified":"2024-10-02T10:13:03","modified_gmt":"2024-10-02T08:13:03","slug":"contact","status":"publish","type":"page","link":"https:\/\/burexservice.be\/?page_id=74","title":{"rendered":"Contact"},"content":{"rendered":"<p>[et_pb_section fb_built=&#8221;1&#8243; admin_label=&#8221;About Hero&#8221; _builder_version=&#8221;4.10.5&#8243; background_color=&#8221;#9b824f&#8221; background_image=&#8221;http:\/\/localhost\/burex\/wp-content\/uploads\/2020\/07\/coding-background-texture-1-1.jpg&#8221; background_blend=&#8221;overlay&#8221; custom_padding=&#8221;0px|0px|3px|0px|false|false&#8221; animation_style=&#8221;slide&#8221; animation_direction=&#8221;top&#8221; animation_intensity_slide=&#8221;2%&#8221; locked=&#8221;off&#8221; global_colors_info=&#8221;{}&#8221;][et_pb_row _builder_version=&#8221;4.4.6&#8243; background_size=&#8221;initial&#8221; background_position=&#8221;top_left&#8221; background_repeat=&#8221;repeat&#8221; custom_margin=&#8221;|||&#8221; custom_padding=&#8221;6px|||||&#8221; custom_width_px=&#8221;1280px&#8221; global_colors_info=&#8221;{}&#8221;][et_pb_column type=&#8221;4_4&#8243; _builder_version=&#8221;3.25&#8243; custom_padding=&#8221;|||&#8221; global_colors_info=&#8221;{}&#8221; custom_padding__hover=&#8221;|||&#8221;][et_pb_text _builder_version=&#8221;4.10.5&#8243; text_text_color=&#8221;#FFFFFF&#8221; header_font=&#8221;|on|||&#8221; header_font_size=&#8221;42px&#8221; header_line_height=&#8221;1.3em&#8221; background_size=&#8221;initial&#8221; background_position=&#8221;top_left&#8221; background_repeat=&#8221;repeat&#8221; background_layout=&#8221;dark&#8221; custom_padding=&#8221;|||&#8221; header_font_size_last_edited=&#8221;off|desktop&#8221; locked=&#8221;off&#8221; global_colors_info=&#8221;{}&#8221;]<\/p>\n<h1>Contact<\/h1>\n<p>[\/et_pb_text][\/et_pb_column][\/et_pb_row][\/et_pb_section][et_pb_section fb_built=&#8221;1&#8243; _builder_version=&#8221;4.4.6&#8243; background_color=&#8221;rgba(0,0,0,0)&#8221; custom_padding=&#8221;2px||3px|||&#8221; global_colors_info=&#8221;{}&#8221;][et_pb_row column_structure=&#8221;2_5,3_5&#8243; _builder_version=&#8221;4.4.6&#8243; min_height=&#8221;520px&#8221; custom_margin=&#8221;49px|auto||auto||&#8221; custom_padding=&#8221;||3px|||&#8221; global_colors_info=&#8221;{}&#8221;][et_pb_column type=&#8221;2_5&#8243; _builder_version=&#8221;4.4.6&#8243; global_colors_info=&#8221;{}&#8221;][et_pb_image src=&#8221;http:\/\/burexservice.be\/wp-content\/uploads\/2023\/02\/Capture-de\u0301cran-2023-02-10-a\u0300-10.35.45.png&#8221; title_text=&#8221;Capture d\u2019e\u0301cran 2023-02-10 a\u0300 10.35.45&#8243; _builder_version=&#8221;4.10.5&#8243; custom_padding=&#8221;||0px|||&#8221; animation_style=&#8221;slide&#8221; animation_direction=&#8221;left&#8221; global_colors_info=&#8221;{}&#8221;][\/et_pb_image][\/et_pb_column][et_pb_column type=&#8221;3_5&#8243; _builder_version=&#8221;4.10.5&#8243; _module_preset=&#8221;default&#8221; global_colors_info=&#8221;{}&#8221;][et_pb_text _builder_version=&#8221;4.10.5&#8243; custom_padding=&#8221;||0px|10px||&#8221; animation_style=&#8221;slide&#8221; animation_direction=&#8221;right&#8221; hover_enabled=&#8221;0&#8243; global_colors_info=&#8221;{}&#8221; sticky_enabled=&#8221;0&#8243;]<span style=\"font-size: large;\"><strong>Burex Service<\/strong><\/span><\/p>\n<p><a href=\"https:\/\/www.google.com\/search?q=Rue+Belvaux+87&amp;oq=rue+&amp;aqs=chrome.0.69i59l3j69i57j69i59j69i60l3.936j0j4&amp;sourceid=chrome&amp;ie=UTF-8#\"><span style=\"font-size: large;\">Rue Belvaux 87<\/span><\/a><\/p>\n<p><a href=\"https:\/\/www.google.com\/search?q=Rue+Belvaux+87&amp;oq=rue+&amp;aqs=chrome.0.69i59l3j69i57j69i59j69i60l3.936j0j4&amp;sourceid=chrome&amp;ie=UTF-8#\"><span style=\"font-size: large;\">4030 Li\u00e8ge<\/span><\/a><\/p>\n<p><span style=\"font-size: large;\">\u2014<\/span><\/p>\n<p><a href=\"https:\/\/www.google.com\/search?q=rue+de+l%27etang+1+4432&amp;oq=rue+de+l%27&amp;aqs=chrome.1.69i57j69i59j0i512l3j69i60l3.4325j0j7&amp;sourceid=chrome&amp;ie=UTF-8#\"><span style=\"font-size: large;\">Rue de l&#8217;Etang 1<\/span><\/a><\/p>\n<p><a href=\"https:\/\/www.google.com\/search?q=rue+de+l%27etang+1+4432&amp;oq=rue+de+l%27&amp;aqs=chrome.1.69i57j69i59j0i512l3j69i60l3.4325j0j7&amp;sourceid=chrome&amp;ie=UTF-8#\"><span style=\"font-size: large;\">4432 Ans<\/span><\/a><\/p>\n<p><span style=\"font-size: large;\">T\u00e9l:\u00a004 336 58 00<\/span><\/p>\n<p><span style=\"font-size: large;\">E-mail: <span color=\"#6b0707\" style=\"color: #6b0707;\"><u>c.portella@burexservice.be<\/u><\/span><\/span><\/p>\n<p><span style=\"font-size: large;\"><\/span>[\/et_pb_text][\/et_pb_column][\/et_pb_row][et_pb_row _builder_version=&#8221;4.10.5&#8243; _module_preset=&#8221;default&#8221; global_colors_info=&#8221;{}&#8221;][et_pb_column type=&#8221;4_4&#8243; _builder_version=&#8221;4.10.5&#8243; _module_preset=&#8221;default&#8221; global_colors_info=&#8221;{}&#8221;][et_pb_divider _builder_version=&#8221;4.10.5&#8243; _module_preset=&#8221;default&#8221; global_colors_info=&#8221;{}&#8221;][\/et_pb_divider][\/et_pb_column][\/et_pb_row][et_pb_row _builder_version=&#8221;4.10.5&#8243; custom_padding=&#8221;||95px|||&#8221; global_colors_info=&#8221;{}&#8221;][et_pb_column type=&#8221;4_4&#8243; _builder_version=&#8221;4.4.6&#8243; global_colors_info=&#8221;{}&#8221;][et_pb_text _builder_version=&#8221;4.10.5&#8243; text_font=&#8221;||||||||&#8221; text_text_color=&#8221;#000000&#8243; text_font_size=&#8221;39px&#8221; min_height=&#8221;36px&#8221; custom_margin=&#8221;1px|||||&#8221; custom_padding=&#8221;11px||23px|||&#8221; text_font_size_tablet=&#8221;&#8221; text_font_size_phone=&#8221;30px&#8221; text_font_size_last_edited=&#8221;on|phone&#8221; global_colors_info=&#8221;{}&#8221;]<\/p>\n<p>Quelques liens utiles<\/p>\n<p>[\/et_pb_text][et_pb_button button_url=&#8221;https:\/\/eservices.minfin.fgov.be\/taxonweb\/app\/pro\/public\/taxworkbox\/home.do&#8221; url_new_window=&#8221;on&#8221; button_text=&#8221;Tax-On-Web&#8221; _builder_version=&#8221;4.4.6&#8243; custom_button=&#8221;on&#8221; button_text_color=&#8221;#bc8d00&#8243; button_border_width=&#8221;0px&#8221; button_border_color=&#8221;#000000&#8243; button_border_radius=&#8221;0px&#8221; button_on_hover=&#8221;off&#8221; custom_margin=&#8221;||1px|||&#8221; global_colors_info=&#8221;{}&#8221;][\/et_pb_button][et_pb_button button_url=&#8221;https:\/\/finances.belgium.be\/fr\/E-services\/Intervat&#8221; url_new_window=&#8221;on&#8221; button_text=&#8221;Intervat : pour vos d\u00e9clarations p\u00e9riodiques \u00e0 la TVA, vos listings clients et relev\u00e9s intracommunautaires&#8221; _builder_version=&#8221;4.4.6&#8243; custom_button=&#8221;on&#8221; button_text_color=&#8221;#bc8d00&#8243; button_border_width=&#8221;0px&#8221; button_border_color=&#8221;#000000&#8243; button_border_radius=&#8221;0px&#8221; button_on_hover=&#8221;off&#8221; global_colors_info=&#8221;{}&#8221;][\/et_pb_button][et_pb_button button_url=&#8221;https:\/\/finances.belgium.be\/fr\/E-services\/prmonweb\/&#8221; url_new_window=&#8221;on&#8221; button_text=&#8221;Prm-On-Web : pour rentrer \u00e9lectroniquement votre d\u00e9claration au pr\u00e9compte mobilier&#8221; _builder_version=&#8221;4.4.6&#8243; custom_button=&#8221;on&#8221; button_text_color=&#8221;#bc8d00&#8243; button_border_width=&#8221;0px&#8221; button_border_color=&#8221;#000000&#8243; button_border_radius=&#8221;0px&#8221; button_on_hover=&#8221;off&#8221; custom_margin=&#8221;-26px|||||&#8221; global_colors_info=&#8221;{}&#8221;][\/et_pb_button][et_pb_button button_url=&#8221;https:\/\/finances.belgium.be\/fr\/E-services\/Belcotaxonweb&#8221; url_new_window=&#8221;on&#8221; button_text=&#8221;Belcotax On Web : d\u00e9claration de revenus d&#8217;employeurs et autres d\u00e9biteurs soumis au pr\u00e9compte professionnel&#8221; _builder_version=&#8221;4.4.6&#8243; custom_button=&#8221;on&#8221; button_text_color=&#8221;#bc8d00&#8243; button_border_width=&#8221;0px&#8221; button_border_color=&#8221;#000000&#8243; button_border_radius=&#8221;0px&#8221; button_on_hover=&#8221;off&#8221; custom_margin=&#8221;-26px|||||&#8221; global_colors_info=&#8221;{}&#8221;][\/et_pb_button][\/et_pb_column][\/et_pb_row][\/et_pb_section]<\/p>\n","protected":false},"excerpt":{"rendered":"<p>ContactBurex Service Rue Belvaux 87 4030 Li\u00e8ge \u2014 Rue de l&#8217;Etang 1 4432 Ans T\u00e9l:\u00a004 336 58 00 E-mail: c.portella@burexservice.be Quelques liens utiles<\/p>\n","protected":false},"author":3,"featured_media":0,"parent":0,"menu_order":0,"comment_status":"closed","ping_status":"closed","template":"","meta":{"_et_pb_use_builder":"on","_et_pb_old_content":"","_et_gb_content_width":""},"_links":{"self":[{"href":"https:\/\/burexservice.be\/index.php?rest_route=\/wp\/v2\/pages\/74"}],"collection":[{"href":"https:\/\/burexservice.be\/index.php?rest_route=\/wp\/v2\/pages"}],"about":[{"href":"https:\/\/burexservice.be\/index.php?rest_route=\/wp\/v2\/types\/page"}],"author":[{"embeddable":true,"href":"https:\/\/burexservice.be\/index.php?rest_route=\/wp\/v2\/users\/3"}],"replies":[{"embeddable":true,"href":"https:\/\/burexservice.be\/index.php?rest_route=%2Fwp%2Fv2%2Fcomments&post=74"}],"version-history":[{"count":30,"href":"https:\/\/burexservice.be\/index.php?rest_route=\/wp\/v2\/pages\/74\/revisions"}],"predecessor-version":[{"id":822,"href":"https:\/\/burexservice.be\/index.php?rest_route=\/wp\/v2\/pages\/74\/revisions\/822"}],"wp:attachment":[{"href":"https:\/\/burexservice.be\/index.php?rest_route=%2Fwp%2Fv2%2Fmedia&parent=74"}],"curies":[{"name":"wp","href":"https:\/\/api.w.org\/{rel}","templated":true}]}}